{"id":2640,"date":"2024-02-13T14:19:46","date_gmt":"2024-02-13T11:19:46","guid":{"rendered":"https:\/\/sahinlercelikhalat.com.tr\/?page_id=2640"},"modified":"2024-08-01T13:57:37","modified_gmt":"2024-08-01T10:57:37","slug":"monotron-halatlar","status":"publish","type":"page","link":"https:\/\/sahinlercelikhalat.com.tr\/index.php\/monotron-halatlar\/","title":{"rendered":"Monotron Halatlar"},"content":{"rendered":"\t\t<div data-elementor-type=\"wp-page\" data-elementor-id=\"2640\" class=\"elementor elementor-2640\">\n\t\t\t\t\t\t<section class=\"elementor-section elementor-top-section elementor-element elementor-element-252c872 elementor-section-full_width elementor-section-height-default elementor-section-height-default\" data-id=\"252c872\" data-element_type=\"section\">\n\t\t\t\t\t\t<div class=\"elementor-container elementor-column-gap-no\">\n\t\t\t\t\t<div class=\"elementor-column elementor-col-100 elementor-top-column elementor-element elementor-element-ff56d6c\" data-id=\"ff56d6c\" data-element_type=\"column\">\n\t\t\t<div class=\"elementor-widget-wrap elementor-element-populated\">\n\t\t\t\t<div class=\"elementor-element elementor-element-c396683 e-con-full e-flex e-con e-parent\" data-id=\"c396683\" data-element_type=\"container\" data-settings=\"{&quot;background_background&quot;:&quot;classic&quot;}\">\n\t\t<div class=\"elementor-element elementor-element-d8cd9dc e-con-full e-flex e-con e-child\" data-id=\"d8cd9dc\" data-element_type=\"container\">\n\t\t\t\t<div class=\"elementor-element elementor-element-2cf67a6 elementor-widget elementor-widget-text-editor\" data-id=\"2cf67a6\" data-element_type=\"widget\" data-widget_type=\"text-editor.default\">\n\t\t\t\t<div class=\"elementor-widget-container\">\n\t\t\t<style>\/*! elementor - v3.23.0 - 05-08-2024 *\/\n.elementor-widget-text-editor.elementor-drop-cap-view-stacked .elementor-drop-cap{background-color:#69727d;color:#fff}.elementor-widget-text-editor.elementor-drop-cap-view-framed .elementor-drop-cap{color:#69727d;border:3px solid;background-color:transparent}.elementor-widget-text-editor:not(.elementor-drop-cap-view-default) .elementor-drop-cap{margin-top:8px}.elementor-widget-text-editor:not(.elementor-drop-cap-view-default) .elementor-drop-cap-letter{width:1em;height:1em}.elementor-widget-text-editor .elementor-drop-cap{float:left;text-align:center;line-height:1;font-size:50px}.elementor-widget-text-editor .elementor-drop-cap-letter{display:inline-block}<\/style>\t\t\t\t<p style=\"font-size: 40px; color: #fff;\">Monotron Halatlar<\/p>\t\t\t\t\t\t<\/div>\n\t\t\t\t<\/div>\n\t\t\t\t<\/div>\n\t\t\t\t<\/div>\n\t\t\t\t\t<\/div>\n\t\t<\/div>\n\t\t\t\t\t<\/div>\n\t\t<\/section>\n\t\t\t\t<section class=\"elementor-section elementor-top-section elementor-element elementor-element-2785282 elementor-section-full_width elementor-section-height-default elementor-section-height-default\" data-id=\"2785282\" data-element_type=\"section\">\n\t\t\t\t\t\t<div class=\"elementor-container elementor-column-gap-no\">\n\t\t\t\t\t<div class=\"elementor-column elementor-col-100 elementor-top-column elementor-element elementor-element-bd72831\" data-id=\"bd72831\" data-element_type=\"column\">\n\t\t\t<div class=\"elementor-widget-wrap elementor-element-populated\">\n\t\t\t\t<div class=\"elementor-element elementor-element-88ce402 e-con-full e-flex e-con e-parent\" data-id=\"88ce402\" data-element_type=\"container\" data-settings=\"{&quot;background_background&quot;:&quot;classic&quot;}\">\n\t\t<div class=\"elementor-element elementor-element-09fb287 e-con-full e-flex e-con e-child\" data-id=\"09fb287\" data-element_type=\"container\">\n\t\t\t\t<div class=\"elementor-element elementor-element-1feeeb3 elementor-widget elementor-widget-text-editor\" data-id=\"1feeeb3\" data-element_type=\"widget\" data-widget_type=\"text-editor.default\">\n\t\t\t\t<div class=\"elementor-widget-container\">\n\t\t\t\t\t\t\t<p style=\"font-size: 1.5rem; color: #fff;\">Monotron Halatlar <br>\n\u00dcr\u00fcn Skalam\u0131z<\/p>\t\t\t\t\t\t<\/div>\n\t\t\t\t<\/div>\n\t\t\t\t<div class=\"elementor-element elementor-element-a079356 elementor-align-center elementor-widget elementor-widget-button\" data-id=\"a079356\" data-element_type=\"widget\" data-widget_type=\"button.default\">\n\t\t\t\t<div class=\"elementor-widget-container\">\n\t\t\t\t\t<div class=\"elementor-button-wrapper\">\n\t\t\t<a class=\"elementor-button elementor-button-link elementor-size-md\" href=\"\/wp-content\/uploads\/2024\/08\/sahinler-group-yeni-brosur-3.pdf\">\n\t\t\t\t\t\t<span class=\"elementor-button-content-wrapper\">\n\t\t\t\t\t\t\t\t\t<span class=\"elementor-button-text\">\u00c7elik Halat \u00dcr\u00fcnler Katalogu<\/span>\n\t\t\t\t\t<\/span>\n\t\t\t\t\t<\/a>\n\t\t<\/div>\n\t\t\t\t<\/div>\n\t\t\t\t<\/div>\n\t\t\t\t<\/div>\n\t\t<div class=\"elementor-element elementor-element-08b0b56 e-con-full e-flex e-con e-child\" data-id=\"08b0b56\" data-element_type=\"container\">\n\t\t\t\t<\/div>\n\t\t\t\t<\/div>\n\t\t\t\t\t<\/div>\n\t\t<\/div>\n\t\t\t\t\t<\/div>\n\t\t<\/section>\n\t\t<div class=\"elementor-element elementor-element-f66555a e-flex e-con-boxed e-con e-parent\" data-id=\"f66555a\" data-element_type=\"container\">\n\t\t\t\t\t<div class=\"e-con-inner\">\n\t\t\t\t<div class=\"elementor-element elementor-element-f58be1d elementor-widget elementor-widget-text-editor\" data-id=\"f58be1d\" data-element_type=\"widget\" data-widget_type=\"text-editor.default\">\n\t\t\t\t<div class=\"elementor-widget-container\">\n\t\t\t\t\t\t\t<p style=\"font-size: 1.5rem; color: #000;\">MONOTRON HALATLAR\u200b\u200b; Havai Tip Telekom Kablolar\u0131, Tar\u0131m ve Sera Uygulamalar\u0131, Otomotiv Yan Sanayi, Mimari ve Peyzaj D\u00fczenlemeleri vb. bir\u00e7ok alanda kullan\u0131lan Monotron halatlar\u0131n imalat\u0131 istenilen konstr\u00fcksiyonlarda ve \u00e7aplarda imal edilmektedir.<\/p>\t\t\t\t\t\t<\/div>\n\t\t\t\t<\/div>\n\t\t\t\t\t<\/div>\n\t\t\t\t<\/div>\n\t\t\t\t<\/div>\n\t\t","protected":false},"excerpt":{"rendered":"<p>Monotron Halatlar Monotron Halatlar \u00dcr\u00fcn Skalam\u0131z \u00c7elik Halat \u00dcr\u00fcnler Katalogu MONOTRON HALATLAR\u200b\u200b; Havai Tip Telekom Kablolar\u0131, Tar\u0131m ve Sera Uygulamalar\u0131, Otomotiv Yan Sanayi, Mimari ve Peyzaj D\u00fczenlemeleri vb. bir\u00e7ok alanda kullan\u0131lan Monotron halatlar\u0131n imalat\u0131 istenilen konstr\u00fcksiyonlarda ve \u00e7aplarda imal edilmektedir.<\/p>\n","protected":false},"author":1,"featured_media":0,"parent":0,"menu_order":0,"comment_status":"closed","ping_status":"closed","template":"tpl-default-elementor.php","meta":{"footnotes":""},"class_list":["post-2640","page","type-page","status-publish","hentry"],"_links":{"self":[{"href":"https:\/\/sahinlercelikhalat.com.tr\/index.php\/wp-json\/wp\/v2\/pages\/2640"}],"collection":[{"href":"https:\/\/sahinlercelikhalat.com.tr\/index.php\/wp-json\/wp\/v2\/pages"}],"about":[{"href":"https:\/\/sahinlercelikhalat.com.tr\/index.php\/wp-json\/wp\/v2\/types\/page"}],"author":[{"embeddable":true,"href":"https:\/\/sahinlercelikhalat.com.tr\/index.php\/wp-json\/wp\/v2\/users\/1"}],"replies":[{"embeddable":true,"href":"https:\/\/sahinlercelikhalat.com.tr\/index.php\/wp-json\/wp\/v2\/comments?post=2640"}],"version-history":[{"count":10,"href":"https:\/\/sahinlercelikhalat.com.tr\/index.php\/wp-json\/wp\/v2\/pages\/2640\/revisions"}],"predecessor-version":[{"id":3214,"href":"https:\/\/sahinlercelikhalat.com.tr\/index.php\/wp-json\/wp\/v2\/pages\/2640\/revisions\/3214"}],"wp:attachment":[{"href":"https:\/\/sahinlercelikhalat.com.tr\/index.php\/wp-json\/wp\/v2\/media?parent=2640"}],"curies":[{"name":"wp","href":"https:\/\/api.w.org\/{rel}","templated":true}]}}