{"id":2592,"date":"2024-02-08T12:25:52","date_gmt":"2024-02-08T09:25:52","guid":{"rendered":"https:\/\/sahinlercelikhalat.com.tr\/?page_id=2592"},"modified":"2024-02-08T12:31:26","modified_gmt":"2024-02-08T09:31:26","slug":"cerez-politikasi","status":"publish","type":"page","link":"https:\/\/sahinlercelikhalat.com.tr\/index.php\/cerez-politikasi\/","title":{"rendered":"\u00c7erez Politikas\u0131"},"content":{"rendered":"\t\t<div data-elementor-type=\"wp-page\" data-elementor-id=\"2592\" class=\"elementor elementor-2592\">\n\t\t\t\t\t\t<section class=\"elementor-section elementor-top-section elementor-element elementor-element-252c872 elementor-section-full_width elementor-section-height-default elementor-section-height-default\" data-id=\"252c872\" data-element_type=\"section\">\n\t\t\t\t\t\t<div class=\"elementor-container elementor-column-gap-no\">\n\t\t\t\t\t<div class=\"elementor-column elementor-col-100 elementor-top-column elementor-element elementor-element-ff56d6c\" data-id=\"ff56d6c\" data-element_type=\"column\">\n\t\t\t<div class=\"elementor-widget-wrap elementor-element-populated\">\n\t\t\t\t<div class=\"elementor-element elementor-element-c396683 e-con-full e-flex e-con e-parent\" data-id=\"c396683\" data-element_type=\"container\" data-settings=\"{&quot;background_background&quot;:&quot;classic&quot;}\">\n\t\t<div class=\"elementor-element elementor-element-d8cd9dc e-con-full e-flex e-con e-child\" data-id=\"d8cd9dc\" data-element_type=\"container\">\n\t\t\t\t<div class=\"elementor-element elementor-element-2cf67a6 elementor-widget elementor-widget-text-editor\" data-id=\"2cf67a6\" data-element_type=\"widget\" data-widget_type=\"text-editor.default\">\n\t\t\t\t<div class=\"elementor-widget-container\">\n\t\t\t<style>\/*! elementor - v3.23.0 - 05-08-2024 *\/\n.elementor-widget-text-editor.elementor-drop-cap-view-stacked .elementor-drop-cap{background-color:#69727d;color:#fff}.elementor-widget-text-editor.elementor-drop-cap-view-framed .elementor-drop-cap{color:#69727d;border:3px solid;background-color:transparent}.elementor-widget-text-editor:not(.elementor-drop-cap-view-default) .elementor-drop-cap{margin-top:8px}.elementor-widget-text-editor:not(.elementor-drop-cap-view-default) .elementor-drop-cap-letter{width:1em;height:1em}.elementor-widget-text-editor .elementor-drop-cap{float:left;text-align:center;line-height:1;font-size:50px}.elementor-widget-text-editor .elementor-drop-cap-letter{display:inline-block}<\/style>\t\t\t\t<p style=\"font-size: 40px; color: #fff;\">\u00c7elik Halat \/\u00c7erez Politikas\u0131<\/p>\t\t\t\t\t\t<\/div>\n\t\t\t\t<\/div>\n\t\t\t\t<\/div>\n\t\t\t\t<\/div>\n\t\t\t\t\t<\/div>\n\t\t<\/div>\n\t\t\t\t\t<\/div>\n\t\t<\/section>\n\t\t\t\t<section class=\"elementor-section elementor-top-section elementor-element elementor-element-2785282 elementor-section-full_width elementor-section-height-default elementor-section-height-default\" data-id=\"2785282\" data-element_type=\"section\">\n\t\t\t\t\t\t<div class=\"elementor-container elementor-column-gap-no\">\n\t\t\t\t\t<div class=\"elementor-column elementor-col-100 elementor-top-column elementor-element elementor-element-bd72831\" data-id=\"bd72831\" data-element_type=\"column\">\n\t\t\t<div class=\"elementor-widget-wrap\">\n\t\t\t\t\t\t\t<\/div>\n\t\t<\/div>\n\t\t\t\t\t<\/div>\n\t\t<\/section>\n\t\t<div class=\"elementor-element elementor-element-f66555a e-flex e-con-boxed e-con e-parent\" data-id=\"f66555a\" data-element_type=\"container\">\n\t\t\t\t\t<div class=\"e-con-inner\">\n\t\t\t\t<div class=\"elementor-element elementor-element-f58be1d elementor-widget elementor-widget-text-editor\" data-id=\"f58be1d\" data-element_type=\"widget\" data-widget_type=\"text-editor.default\">\n\t\t\t\t<div class=\"elementor-widget-container\">\n\t\t\t\t\t\t\t<h2>\u00c7erez Politikas\u0131<\/h2><p>\u00c7erezler, bir web sitesinin, o sitede dola\u015f\u0131m\u0131n\u0131za ili\u015fkin verilere ili\u015fkin olarak; bilgisayar, telefon ya da ba\u015fka bir cihaz\u0131n\u0131zda depolad\u0131\u011f\u0131 k\u00fc\u00e7\u00fck bir metin dosyas\u0131d\u0131r.<\/p><h2>\u00c7erez Politikas\u0131\u2019n\u0131n Amac\u0131:<\/h2><p>Bir internet sitesinin d\u00fczg\u00fcn bir \u015fekilde \u00e7al\u0131\u015fmas\u0131, kullan\u0131c\u0131 deneyiminin iyile\u015ftirilmesi, sitenin geli\u015ftirilmesi ve optimize edilmesi, daha uygun, ilgiye dayal\u0131 reklam sunma, ziyaret\u00e7iler i\u00e7in ilgi \u00e7ekici ve ki\u015fiselle\u015ftirilmi\u015f bir web sitesi\/uygulama ve reklam portf\u00f6y\u00fc sunmas\u0131d\u0131r. \u00c7erezler ayn\u0131 zamanda belirtti\u011finiz tercihlerinizi (dil, \u00fclke, vb.) sitemizi ziyaretiniz s\u0131ras\u0131nda ve gelecekteki ziyaretlerinizde hat\u0131rlamak i\u00e7in kullan\u0131l\u0131r.<\/p><p>\u0130\u015fbu Politika uyar\u0131nca, bu web sitesi taraf\u0131ndan ana bilgi depolama y\u00f6ntemi olarak kullan\u0131lan \u201c\u00c7erezler\u201d ile taray\u0131c\u0131n\u0131n \u201cYerel Depolama\u201d alan\u0131 ayn\u0131 ama\u00e7 i\u00e7in kullan\u0131l\u0131r. Bu b\u00f6l\u00fcmde yer verilen t\u00fcm bilgiler ayn\u0131 zamanda an\u0131lan \u201cYerel Depolama\u201d i\u00e7in uygulan\u0131r. Kulland\u0131\u011f\u0131m\u0131z \u00c7erezlerde adresiniz, \u015fifreniz, kredi ya da banka kart\u0131 bilgileriniz gibi \u00f6zel nitelikli ki\u015fisel bilgileriniz \u015firketimiz taraf\u0131ndan depolanmamaktad\u0131r.<\/p><h2>\u00c7erez kullan\u0131m\u0131ndan ka\u00e7\u0131nma hakk\u0131<\/h2><p>Yukar\u0131da a\u00e7\u0131klanan s\u0131n\u0131rlamalar\u0131 da dikkate alarak bu web sitesinde \u00c7erez kullanmak istemiyorsan\u0131z, yapman\u0131z gereken i\u015flemler bulunmaktad\u0131r. \u00d6ncelikle taray\u0131c\u0131n\u0131zda \u00c7erez kullan\u0131m\u0131n\u0131 devre d\u0131\u015f\u0131 b\u0131rakman\u0131z, daha sonra bu web sitesiyle ili\u015fkili olarak taray\u0131c\u0131n\u0131zda kaydedilmi\u015f \u00c7erezleri silmeniz gerekmektedir. \u00c7erezlerin kullan\u0131lmamas\u0131 i\u00e7in belirtilen i\u015flemleri yapman\u0131z gerekmektedir. Bu se\u00e7ene\u011fi istedi\u011finiz zaman kullanabilirsiniz.<\/p><h2>\u00c7erez kullan\u0131m\u0131n\u0131 devre d\u0131\u015f\u0131 b\u0131rakma<\/h2><p>Yukar\u0131da belirtilen ad\u0131mlar\u0131 izleyerek istedi\u011finiz bir zaman taray\u0131c\u0131n\u0131z\u0131n ayarlar\u0131n\u0131 de\u011fi\u015ftirip bu web sitesinde kullan\u0131lan \u00c7erezleri k\u0131s\u0131tlayabilir, engelleyebilir ya da silebilirsiniz. Her taray\u0131c\u0131da ayarlar k\u0131sm\u0131 farkl\u0131 olsa da \u00c7erezler genellikle \u201cTercihler\u201d ya da \u201cAra\u00e7lar\u201d men\u00fcs\u00fcnde yer al\u0131r. Taray\u0131c\u0131n\u0131zda \u00c7erezleri ayarlamak hakk\u0131nda daha fazla bilgi i\u00e7in taray\u0131c\u0131n\u0131zda bulunan \u201cYard\u0131m\u201d men\u00fcs\u00fcne bakman\u0131z gerekmektedir.<\/p>\t\t\t\t\t\t<\/div>\n\t\t\t\t<\/div>\n\t\t\t\t\t<\/div>\n\t\t\t\t<\/div>\n\t\t\t\t<\/div>\n\t\t","protected":false},"excerpt":{"rendered":"<p>\u00c7elik Halat \/\u00c7erez Politikas\u0131 \u00c7erez Politikas\u0131 \u00c7erezler, bir web sitesinin, o sitede dola\u015f\u0131m\u0131n\u0131za ili\u015fkin verilere ili\u015fkin olarak; bilgisayar, telefon ya da ba\u015fka bir cihaz\u0131n\u0131zda depolad\u0131\u011f\u0131 k\u00fc\u00e7\u00fck bir metin dosyas\u0131d\u0131r. \u00c7erez Politikas\u0131\u2019n\u0131n Amac\u0131: Bir internet sitesinin d\u00fczg\u00fcn bir \u015fekilde \u00e7al\u0131\u015fmas\u0131, kullan\u0131c\u0131 deneyiminin iyile\u015ftirilmesi, sitenin geli\u015ftirilmesi ve optimize edilmesi, daha uygun, ilgiye dayal\u0131 reklam sunma, ziyaret\u00e7iler i\u00e7in [&hellip;]<\/p>\n","protected":false},"author":1,"featured_media":0,"parent":0,"menu_order":0,"comment_status":"closed","ping_status":"closed","template":"tpl-default-elementor.php","meta":{"footnotes":""},"class_list":["post-2592","page","type-page","status-publish","hentry"],"_links":{"self":[{"href":"https:\/\/sahinlercelikhalat.com.tr\/index.php\/wp-json\/wp\/v2\/pages\/2592"}],"collection":[{"href":"https:\/\/sahinlercelikhalat.com.tr\/index.php\/wp-json\/wp\/v2\/pages"}],"about":[{"href":"https:\/\/sahinlercelikhalat.com.tr\/index.php\/wp-json\/wp\/v2\/types\/page"}],"author":[{"embeddable":true,"href":"https:\/\/sahinlercelikhalat.com.tr\/index.php\/wp-json\/wp\/v2\/users\/1"}],"replies":[{"embeddable":true,"href":"https:\/\/sahinlercelikhalat.com.tr\/index.php\/wp-json\/wp\/v2\/comments?post=2592"}],"version-history":[{"count":4,"href":"https:\/\/sahinlercelikhalat.com.tr\/index.php\/wp-json\/wp\/v2\/pages\/2592\/revisions"}],"predecessor-version":[{"id":2597,"href":"https:\/\/sahinlercelikhalat.com.tr\/index.php\/wp-json\/wp\/v2\/pages\/2592\/revisions\/2597"}],"wp:attachment":[{"href":"https:\/\/sahinlercelikhalat.com.tr\/index.php\/wp-json\/wp\/v2\/media?parent=2592"}],"curies":[{"name":"wp","href":"https:\/\/api.w.org\/{rel}","templated":true}]}}