{"id":2241,"date":"2024-02-01T12:25:44","date_gmt":"2024-02-01T09:25:44","guid":{"rendered":"https:\/\/sahinlercelikhalat.com.tr\/?page_id=2241"},"modified":"2024-05-03T16:49:25","modified_gmt":"2024-05-03T13:49:25","slug":"iletisim","status":"publish","type":"page","link":"https:\/\/sahinlercelikhalat.com.tr\/index.php\/iletisim\/","title":{"rendered":"\u0130leti\u015fim"},"content":{"rendered":"\t\t<div data-elementor-type=\"wp-page\" data-elementor-id=\"2241\" class=\"elementor elementor-2241\">\n\t\t\t\t\t\t<section class=\"elementor-section elementor-top-section elementor-element elementor-element-0147080 elementor-section-full_width elementor-section-height-default elementor-section-height-default\" data-id=\"0147080\" data-element_type=\"section\">\n\t\t\t\t\t\t<div class=\"elementor-container elementor-column-gap-no\">\n\t\t\t\t\t<div class=\"elementor-column elementor-col-100 elementor-top-column elementor-element elementor-element-00e37f4\" data-id=\"00e37f4\" data-element_type=\"column\">\n\t\t\t<div class=\"elementor-widget-wrap elementor-element-populated\">\n\t\t\t\t<div class=\"elementor-element elementor-element-4327648 e-con-full e-flex e-con e-parent\" data-id=\"4327648\" data-element_type=\"container\" data-settings=\"{&quot;background_background&quot;:&quot;classic&quot;}\">\n\t\t<div class=\"elementor-element elementor-element-957d83a e-con-full e-flex e-con e-child\" data-id=\"957d83a\" data-element_type=\"container\">\n\t\t\t\t<div class=\"elementor-element elementor-element-b5b81ec elementor-widget elementor-widget-text-editor\" data-id=\"b5b81ec\" data-element_type=\"widget\" data-widget_type=\"text-editor.default\">\n\t\t\t\t<div class=\"elementor-widget-container\">\n\t\t\t<style>\/*! elementor - v3.23.0 - 05-08-2024 *\/\n.elementor-widget-text-editor.elementor-drop-cap-view-stacked .elementor-drop-cap{background-color:#69727d;color:#fff}.elementor-widget-text-editor.elementor-drop-cap-view-framed .elementor-drop-cap{color:#69727d;border:3px solid;background-color:transparent}.elementor-widget-text-editor:not(.elementor-drop-cap-view-default) .elementor-drop-cap{margin-top:8px}.elementor-widget-text-editor:not(.elementor-drop-cap-view-default) .elementor-drop-cap-letter{width:1em;height:1em}.elementor-widget-text-editor .elementor-drop-cap{float:left;text-align:center;line-height:1;font-size:50px}.elementor-widget-text-editor .elementor-drop-cap-letter{display:inline-block}<\/style>\t\t\t\t<p style=\"font-size: 40px; color: #fff;\">\u00c7elik Halat \/ \u0130leti\u015fim<\/p>\t\t\t\t\t\t<\/div>\n\t\t\t\t<\/div>\n\t\t\t\t<\/div>\n\t\t\t\t<\/div>\n\t\t\t\t\t<\/div>\n\t\t<\/div>\n\t\t\t\t\t<\/div>\n\t\t<\/section>\n\t\t\t\t<section class=\"elementor-section elementor-top-section elementor-element elementor-element-12903e3 elementor-section-full_width elementor-section-height-default elementor-section-height-default\" data-id=\"12903e3\" data-element_type=\"section\">\n\t\t\t\t\t\t<div class=\"elementor-container elementor-column-gap-no\">\n\t\t\t\t\t<div class=\"elementor-column elementor-col-100 elementor-top-column elementor-element elementor-element-810acb1\" data-id=\"810acb1\" data-element_type=\"column\">\n\t\t\t<div class=\"elementor-widget-wrap elementor-element-populated\">\n\t\t\t\t<div class=\"elementor-element elementor-element-7a4e39d e-con-full e-flex e-con e-parent\" data-id=\"7a4e39d\" data-element_type=\"container\" data-settings=\"{&quot;background_background&quot;:&quot;classic&quot;}\">\n\t\t<div class=\"elementor-element elementor-element-33ef4b9 e-con-full e-flex e-con e-child\" data-id=\"33ef4b9\" data-element_type=\"container\">\n\t\t\t\t<div class=\"elementor-element elementor-element-956999b elementor-widget elementor-widget-text-editor\" data-id=\"956999b\" data-element_type=\"widget\" data-widget_type=\"text-editor.default\">\n\t\t\t\t<div class=\"elementor-widget-container\">\n\t\t\t\t\t\t\t<p>\u00a0<\/p><p style=\"font-size: 1.5rem; color: #000;\">\u015eahinler \u00c7elik Halat<br \/>Aso 2.3. Sanayi B\u00f6lgeleri( ALCI OSB)<br \/>2016. Cad No 36\/1<br \/>Sincan \/ ANKARA<br \/>Tel: <a href=\"tel:903126232020\">0312 623 2020<\/a><br \/>Fax 0312 513 2521<br \/><a href=\"mailto:satis.celikhalat@sahinler.com.tr \">satis.celikhalat@sahinler.com.tr<\/a><br \/><a href=\"mailto:saleswirerope@sahinler.com.tr\">saleswirerope@sahinler.com.tr<\/a><\/p>\t\t\t\t\t\t<\/div>\n\t\t\t\t<\/div>\n\t\t\t\t<\/div>\n\t\t<div class=\"elementor-element elementor-element-a405aa0 e-con-full e-flex e-con e-child\" data-id=\"a405aa0\" data-element_type=\"container\">\n\t\t\t\t<div class=\"elementor-element elementor-element-46e932e elementor-widget elementor-widget-google_maps\" data-id=\"46e932e\" data-element_type=\"widget\" data-widget_type=\"google_maps.default\">\n\t\t\t\t<div class=\"elementor-widget-container\">\n\t\t\t<style>\/*! elementor - v3.23.0 - 05-08-2024 *\/\n.elementor-widget-google_maps .elementor-widget-container{overflow:hidden}.elementor-widget-google_maps .elementor-custom-embed{line-height:0}.elementor-widget-google_maps iframe{height:300px}<\/style>\t\t<div class=\"elementor-custom-embed\">\n\t\t\t<iframe loading=\"lazy\"\n\t\t\t\t\tsrc=\"https:\/\/maps.google.com\/maps?q=2016.%20Cd.%2036%2F1%2C%2006909%20Alc%C4%B1%20Osb%2FSincan%2FAnkara&#038;t=m&#038;z=11&#038;output=embed&#038;iwloc=near\"\n\t\t\t\t\ttitle=\"2016. Cd. 36\/1, 06909 Alc\u0131 Osb\/Sincan\/Ankara\"\n\t\t\t\t\taria-label=\"2016. Cd. 36\/1, 06909 Alc\u0131 Osb\/Sincan\/Ankara\"\n\t\t\t><\/iframe>\n\t\t<\/div>\n\t\t\t\t<\/div>\n\t\t\t\t<\/div>\n\t\t\t\t<\/div>\n\t\t\t\t<\/div>\n\t\t\t\t\t<\/div>\n\t\t<\/div>\n\t\t\t\t\t<\/div>\n\t\t<\/section>\n\t\t\t\t<\/div>\n\t\t","protected":false},"excerpt":{"rendered":"<p>\u00c7elik Halat \/ \u0130leti\u015fim \u00a0 \u015eahinler \u00c7elik HalatAso 2.3. Sanayi B\u00f6lgeleri( ALCI OSB)2016. Cad No 36\/1Sincan \/ ANKARATel: 0312 623 2020Fax 0312 513 2521satis.celikhalat@sahinler.com.trsaleswirerope@sahinler.com.tr<\/p>\n","protected":false},"author":1,"featured_media":0,"parent":0,"menu_order":0,"comment_status":"closed","ping_status":"closed","template":"tpl-default-elementor.php","meta":{"footnotes":""},"class_list":["post-2241","page","type-page","status-publish","hentry"],"_links":{"self":[{"href":"https:\/\/sahinlercelikhalat.com.tr\/index.php\/wp-json\/wp\/v2\/pages\/2241"}],"collection":[{"href":"https:\/\/sahinlercelikhalat.com.tr\/index.php\/wp-json\/wp\/v2\/pages"}],"about":[{"href":"https:\/\/sahinlercelikhalat.com.tr\/index.php\/wp-json\/wp\/v2\/types\/page"}],"author":[{"embeddable":true,"href":"https:\/\/sahinlercelikhalat.com.tr\/index.php\/wp-json\/wp\/v2\/users\/1"}],"replies":[{"embeddable":true,"href":"https:\/\/sahinlercelikhalat.com.tr\/index.php\/wp-json\/wp\/v2\/comments?post=2241"}],"version-history":[{"count":22,"href":"https:\/\/sahinlercelikhalat.com.tr\/index.php\/wp-json\/wp\/v2\/pages\/2241\/revisions"}],"predecessor-version":[{"id":2932,"href":"https:\/\/sahinlercelikhalat.com.tr\/index.php\/wp-json\/wp\/v2\/pages\/2241\/revisions\/2932"}],"wp:attachment":[{"href":"https:\/\/sahinlercelikhalat.com.tr\/index.php\/wp-json\/wp\/v2\/media?parent=2241"}],"curies":[{"name":"wp","href":"https:\/\/api.w.org\/{rel}","templated":true}]}}