{"id":2239,"date":"2024-02-01T12:25:05","date_gmt":"2024-02-01T09:25:05","guid":{"rendered":"https:\/\/sahinlercelikhalat.com.tr\/?page_id=2239"},"modified":"2024-05-21T11:39:22","modified_gmt":"2024-05-21T08:39:22","slug":"is-guvenligi","status":"publish","type":"page","link":"https:\/\/sahinlercelikhalat.com.tr\/index.php\/is-guvenligi\/","title":{"rendered":"\u0130\u015f G\u00fcvenli\u011fi"},"content":{"rendered":"\t\t<div data-elementor-type=\"wp-page\" data-elementor-id=\"2239\" class=\"elementor elementor-2239\">\n\t\t\t\t\t\t<section class=\"elementor-section elementor-top-section elementor-element elementor-element-7a21a43 elementor-section-full_width elementor-section-height-default elementor-section-height-default\" data-id=\"7a21a43\" data-element_type=\"section\">\n\t\t\t\t\t\t<div class=\"elementor-container elementor-column-gap-no\">\n\t\t\t\t\t<div class=\"elementor-column elementor-col-100 elementor-top-column elementor-element elementor-element-7456f79\" data-id=\"7456f79\" data-element_type=\"column\">\n\t\t\t<div class=\"elementor-widget-wrap elementor-element-populated\">\n\t\t\t\t<div class=\"elementor-element elementor-element-8307b71 e-con-full e-flex e-con e-parent\" data-id=\"8307b71\" data-element_type=\"container\" data-settings=\"{&quot;background_background&quot;:&quot;classic&quot;}\">\n\t\t<div class=\"elementor-element elementor-element-2ca7c1b e-con-full e-flex e-con e-child\" data-id=\"2ca7c1b\" data-element_type=\"container\">\n\t\t\t\t<div class=\"elementor-element elementor-element-5e131de elementor-widget elementor-widget-text-editor\" data-id=\"5e131de\" data-element_type=\"widget\" data-widget_type=\"text-editor.default\">\n\t\t\t\t<div class=\"elementor-widget-container\">\n\t\t\t<style>\/*! elementor - v3.23.0 - 05-08-2024 *\/\n.elementor-widget-text-editor.elementor-drop-cap-view-stacked .elementor-drop-cap{background-color:#69727d;color:#fff}.elementor-widget-text-editor.elementor-drop-cap-view-framed .elementor-drop-cap{color:#69727d;border:3px solid;background-color:transparent}.elementor-widget-text-editor:not(.elementor-drop-cap-view-default) .elementor-drop-cap{margin-top:8px}.elementor-widget-text-editor:not(.elementor-drop-cap-view-default) .elementor-drop-cap-letter{width:1em;height:1em}.elementor-widget-text-editor .elementor-drop-cap{float:left;text-align:center;line-height:1;font-size:50px}.elementor-widget-text-editor .elementor-drop-cap-letter{display:inline-block}<\/style>\t\t\t\t<p style=\"font-size: 40px; color: #fff;\">\u00c7elik Halat \/ \u0130\u015f G\u00fcvenli\u011fi<\/p>\t\t\t\t\t\t<\/div>\n\t\t\t\t<\/div>\n\t\t\t\t<\/div>\n\t\t\t\t<\/div>\n\t\t\t\t\t<\/div>\n\t\t<\/div>\n\t\t\t\t\t<\/div>\n\t\t<\/section>\n\t\t\t\t<section class=\"elementor-section elementor-top-section elementor-element elementor-element-e299a64 elementor-section-full_width elementor-section-height-default elementor-section-height-default\" data-id=\"e299a64\" data-element_type=\"section\">\n\t\t\t\t\t\t<div class=\"elementor-container elementor-column-gap-no\">\n\t\t\t\t\t<div class=\"elementor-column elementor-col-100 elementor-top-column elementor-element elementor-element-9d37005\" data-id=\"9d37005\" data-element_type=\"column\">\n\t\t\t<div class=\"elementor-widget-wrap elementor-element-populated\">\n\t\t\t\t<div class=\"elementor-element elementor-element-8b6c4de e-con-full e-flex e-con e-parent\" data-id=\"8b6c4de\" data-element_type=\"container\" data-settings=\"{&quot;background_background&quot;:&quot;classic&quot;}\">\n\t\t<div class=\"elementor-element elementor-element-50693c8 e-con-full e-flex e-con e-child\" data-id=\"50693c8\" data-element_type=\"container\">\n\t\t\t\t<div class=\"elementor-element elementor-element-1b2de98 elementor-widget elementor-widget-text-editor\" data-id=\"1b2de98\" data-element_type=\"widget\" data-widget_type=\"text-editor.default\">\n\t\t\t\t<div class=\"elementor-widget-container\">\n\t\t\t\t\t\t\t<img decoding=\"async\" class=\"alignnone size-medium wp-image-2327\" src=\"https:\/\/sahinlercelikhalat.com.tr\/wp-content\/uploads\/2024\/02\/102a70ab-22dc-4913-affe-988476b3c8b3-300x103.png\" alt=\"\" width=\"300\" height=\"103\" srcset=\"https:\/\/sahinlercelikhalat.com.tr\/wp-content\/uploads\/2024\/02\/102a70ab-22dc-4913-affe-988476b3c8b3-300x103.png 300w, https:\/\/sahinlercelikhalat.com.tr\/wp-content\/uploads\/2024\/02\/102a70ab-22dc-4913-affe-988476b3c8b3.png 512w\" sizes=\"(max-width: 300px) 100vw, 300px\" \/>\n<p style=\"font-size: 1.5rem; color: #f2f2f2;\">\u0130\u015f sa\u011fl\u0131\u011f\u0131 ve g\u00fcvenli\u011fi yasal d\u00fczenlemelerine uymak, bizler i\u00e7in birer zorunluluktan \u00f6te, birlikte ya\u015fama k\u00fclt\u00fcr\u00fcn\u00fcn vazge\u00e7ilmez bir par\u00e7as\u0131n\u0131 temsil ediyor.<\/p>\t\t\t\t\t\t<\/div>\n\t\t\t\t<\/div>\n\t\t\t\t<\/div>\n\t\t<div class=\"elementor-element elementor-element-606eac9 e-con-full e-flex e-con e-child\" data-id=\"606eac9\" data-element_type=\"container\">\n\t\t\t\t<\/div>\n\t\t\t\t<\/div>\n\t\t\t\t\t<\/div>\n\t\t<\/div>\n\t\t\t\t\t<\/div>\n\t\t<\/section>\n\t\t<div class=\"elementor-element elementor-element-d093890 e-flex e-con-boxed e-con e-parent\" data-id=\"d093890\" data-element_type=\"container\">\n\t\t\t\t\t<div class=\"e-con-inner\">\n\t\t\t\t<div class=\"elementor-element elementor-element-940d1c2 elementor-widget__width-initial elementor-widget elementor-widget-text-editor\" data-id=\"940d1c2\" data-element_type=\"widget\" data-widget_type=\"text-editor.default\">\n\t\t\t\t<div class=\"elementor-widget-container\">\n\t\t\t\t\t\t\t<p style=\"font-size: 1.5rem; color: black;\">\u015eahinler \u00c7elik Halat, \u0130SG performans\u0131n\u0131 artt\u0131rmak d\u00e2hil ama\u00e7lanan \u00e7\u0131kt\u0131lara ula\u015fmak i\u00e7in, ISO 45001:2018 standart \u015fartlar\u0131na uygun olarak ve PUK\u00d6 modelini \u00f6rnek alarak prosesler ve bunlar\u0131n etkile\u015fimi dahil, bir \u0130SG y\u00f6netim sistemini kurmu\u015f, uygulamaya alm\u0131\u015f, s\u00fcreklili\u011fini sa\u011flam\u0131\u015ft\u0131r. Sistemin etkinli\u011fi; riskler, f\u0131rsatlar, d\u00fczeltici faaliyetler vb. fonksiyonlar kullan\u0131larak s\u00fcrekli iyile\u015ftirilmektedir.<\/p>\n<br>\n<p style=\"font-size: 1.5rem; color: black;\">\u015eahinler \u00c7elik Halat\u2019\u0131n \u0130\u015f Sa\u011fl\u0131\u011f\u0131 ve G\u00fcvenli\u011fi (\u0130SG) misyonu, \u00e7al\u0131\u015fanlar\u0131n evlerine sa\u011fl\u0131kl\u0131 olarak d\u00f6nmelerini, vizyonu ise daha sa\u011fl\u0131kl\u0131 ve fark\u0131nda olarak d\u00f6nmelerini sa\u011flamakt\u0131r. Bu do\u011frultuda, her bir bireyin \u0130SG konusunda \u00f6ncelikle kendi g\u00fcvenli\u011fini, ard\u0131ndan \u00e7evresindeki ki\u015fi ve tesislerin emniyetini d\u00fc\u015f\u00fcnmesi ve gerekli \u00f6nlemleri alabilmesi i\u00e7in her t\u00fcrl\u00fc uygulama ve teknolojiyi kullanmaktay\u0131z.<\/p>\n<br>\n<p style=\"font-size: 1.5rem; color: black;\">\u0130\u015fletmemizde i\u015f sa\u011fl\u0131\u011f\u0131 ve g\u00fcvenli\u011fini, i\u015f yerinde ve i\u015f ba\u015f\u0131nda tam anlam\u0131yla sa\u011flar\u0131z. \u00c7al\u0131\u015fanlar\u0131m\u0131z, kural ve talimatlar hakk\u0131nda bilgilendirilir, bunlara uygun hareket eder ve gerekli \u00f6nlemleri al\u0131r.<\/p>\n\n<br>\n<p style=\"font-size: 1.5rem; color: black;\">\u015eahinler \u00c7elik Halat\u2019\u0131n i\u015f g\u00fcvenli\u011fi felsefesi, \u00c7al\u0131\u015fan Sa\u011fl\u0131\u011f\u0131 ve emniyetini t\u00fcm faaliyetlerin temelinde en \u00f6ncelikli ve vazge\u00e7ilmez bir de\u011fer olarak kabul etmektir.<\/p>\n\n\t\t\t\t\t\t<\/div>\n\t\t\t\t<\/div>\n\t\t\t\t\t<\/div>\n\t\t\t\t<\/div>\n\t\t\t\t<\/div>\n\t\t","protected":false},"excerpt":{"rendered":"<p>\u00c7elik Halat \/ \u0130\u015f G\u00fcvenli\u011fi \u0130\u015f sa\u011fl\u0131\u011f\u0131 ve g\u00fcvenli\u011fi yasal d\u00fczenlemelerine uymak, bizler i\u00e7in birer zorunluluktan \u00f6te, birlikte ya\u015fama k\u00fclt\u00fcr\u00fcn\u00fcn vazge\u00e7ilmez bir par\u00e7as\u0131n\u0131 temsil ediyor. \u015eahinler \u00c7elik Halat, \u0130SG performans\u0131n\u0131 artt\u0131rmak d\u00e2hil ama\u00e7lanan \u00e7\u0131kt\u0131lara ula\u015fmak i\u00e7in, ISO 45001:2018 standart \u015fartlar\u0131na uygun olarak ve PUK\u00d6 modelini \u00f6rnek alarak prosesler ve bunlar\u0131n etkile\u015fimi dahil, bir \u0130SG y\u00f6netim [&hellip;]<\/p>\n","protected":false},"author":1,"featured_media":0,"parent":0,"menu_order":0,"comment_status":"closed","ping_status":"closed","template":"tpl-default-elementor.php","meta":{"footnotes":""},"class_list":["post-2239","page","type-page","status-publish","hentry"],"_links":{"self":[{"href":"https:\/\/sahinlercelikhalat.com.tr\/index.php\/wp-json\/wp\/v2\/pages\/2239"}],"collection":[{"href":"https:\/\/sahinlercelikhalat.com.tr\/index.php\/wp-json\/wp\/v2\/pages"}],"about":[{"href":"https:\/\/sahinlercelikhalat.com.tr\/index.php\/wp-json\/wp\/v2\/types\/page"}],"author":[{"embeddable":true,"href":"https:\/\/sahinlercelikhalat.com.tr\/index.php\/wp-json\/wp\/v2\/users\/1"}],"replies":[{"embeddable":true,"href":"https:\/\/sahinlercelikhalat.com.tr\/index.php\/wp-json\/wp\/v2\/comments?post=2239"}],"version-history":[{"count":40,"href":"https:\/\/sahinlercelikhalat.com.tr\/index.php\/wp-json\/wp\/v2\/pages\/2239\/revisions"}],"predecessor-version":[{"id":3143,"href":"https:\/\/sahinlercelikhalat.com.tr\/index.php\/wp-json\/wp\/v2\/pages\/2239\/revisions\/3143"}],"wp:attachment":[{"href":"https:\/\/sahinlercelikhalat.com.tr\/index.php\/wp-json\/wp\/v2\/media?parent=2239"}],"curies":[{"name":"wp","href":"https:\/\/api.w.org\/{rel}","templated":true}]}}