{"id":2235,"date":"2024-02-01T12:24:10","date_gmt":"2024-02-01T09:24:10","guid":{"rendered":"https:\/\/sahinlercelikhalat.com.tr\/?page_id=2235"},"modified":"2024-05-21T11:38:55","modified_gmt":"2024-05-21T08:38:55","slug":"cevre","status":"publish","type":"page","link":"https:\/\/sahinlercelikhalat.com.tr\/index.php\/cevre\/","title":{"rendered":"\u00c7evre"},"content":{"rendered":"\t\t<div data-elementor-type=\"wp-page\" data-elementor-id=\"2235\" class=\"elementor elementor-2235\">\n\t\t\t\t\t\t<section class=\"elementor-section elementor-top-section elementor-element elementor-element-6dbe1e3 elementor-section-full_width elementor-section-height-default elementor-section-height-default\" data-id=\"6dbe1e3\" data-element_type=\"section\">\n\t\t\t\t\t\t<div class=\"elementor-container elementor-column-gap-no\">\n\t\t\t\t\t<div class=\"elementor-column elementor-col-100 elementor-top-column elementor-element elementor-element-e4717b9\" data-id=\"e4717b9\" data-element_type=\"column\">\n\t\t\t<div class=\"elementor-widget-wrap elementor-element-populated\">\n\t\t\t\t<div class=\"elementor-element elementor-element-c0650c9 e-con-full e-flex e-con e-parent\" data-id=\"c0650c9\" data-element_type=\"container\" data-settings=\"{&quot;background_background&quot;:&quot;classic&quot;}\">\n\t\t<div class=\"elementor-element elementor-element-cb0369d e-con-full e-flex e-con e-child\" data-id=\"cb0369d\" data-element_type=\"container\">\n\t\t\t\t<div class=\"elementor-element elementor-element-e6289fd elementor-widget elementor-widget-text-editor\" data-id=\"e6289fd\" data-element_type=\"widget\" data-widget_type=\"text-editor.default\">\n\t\t\t\t<div class=\"elementor-widget-container\">\n\t\t\t<style>\/*! elementor - v3.23.0 - 05-08-2024 *\/\n.elementor-widget-text-editor.elementor-drop-cap-view-stacked .elementor-drop-cap{background-color:#69727d;color:#fff}.elementor-widget-text-editor.elementor-drop-cap-view-framed .elementor-drop-cap{color:#69727d;border:3px solid;background-color:transparent}.elementor-widget-text-editor:not(.elementor-drop-cap-view-default) .elementor-drop-cap{margin-top:8px}.elementor-widget-text-editor:not(.elementor-drop-cap-view-default) .elementor-drop-cap-letter{width:1em;height:1em}.elementor-widget-text-editor .elementor-drop-cap{float:left;text-align:center;line-height:1;font-size:50px}.elementor-widget-text-editor .elementor-drop-cap-letter{display:inline-block}<\/style>\t\t\t\t<p style=\"font-size: 40px; color: #fff;\">\u00c7elik Halat \/ \u00c7evre<\/p>\t\t\t\t\t\t<\/div>\n\t\t\t\t<\/div>\n\t\t\t\t<\/div>\n\t\t\t\t<\/div>\n\t\t\t\t\t<\/div>\n\t\t<\/div>\n\t\t\t\t\t<\/div>\n\t\t<\/section>\n\t\t\t\t<section class=\"elementor-section elementor-top-section elementor-element elementor-element-0ff816e elementor-section-full_width elementor-section-height-default elementor-section-height-default\" data-id=\"0ff816e\" data-element_type=\"section\">\n\t\t\t\t\t\t<div class=\"elementor-container elementor-column-gap-no\">\n\t\t\t\t\t<div class=\"elementor-column elementor-col-100 elementor-top-column elementor-element elementor-element-795501a\" data-id=\"795501a\" data-element_type=\"column\">\n\t\t\t<div class=\"elementor-widget-wrap elementor-element-populated\">\n\t\t\t\t<div class=\"elementor-element elementor-element-4fd5ce7 e-con-full e-flex e-con e-parent\" data-id=\"4fd5ce7\" data-element_type=\"container\" data-settings=\"{&quot;background_background&quot;:&quot;classic&quot;}\">\n\t\t<div class=\"elementor-element elementor-element-fa470d9 e-con-full e-flex e-con e-child\" data-id=\"fa470d9\" data-element_type=\"container\">\n\t\t\t\t<div class=\"elementor-element elementor-element-c78344e elementor-widget elementor-widget-text-editor\" data-id=\"c78344e\" data-element_type=\"widget\" data-widget_type=\"text-editor.default\">\n\t\t\t\t<div class=\"elementor-widget-container\">\n\t\t\t\t\t\t\t<img decoding=\"async\" class=\"alignnone size-medium wp-image-2328\" src=\"https:\/\/sahinlercelikhalat.com.tr\/wp-content\/uploads\/2024\/02\/logo-ss-300x102.png\" alt=\"\" width=\"300\" height=\"102\" srcset=\"https:\/\/sahinlercelikhalat.com.tr\/wp-content\/uploads\/2024\/02\/logo-ss-300x102.png 300w, https:\/\/sahinlercelikhalat.com.tr\/wp-content\/uploads\/2024\/02\/logo-ss.png 512w\" sizes=\"(max-width: 300px) 100vw, 300px\" \/>\n<p style=\"font-size: 1.5rem; color: #fff;\">Do\u011fayla uyumlu sanayi konseptlerini \u015eahinler \u00c7elik Halat ailesi olarak destekliyor ve bizlerde kendi i\u015f modellerimizle s\u00fcrd\u00fcr\u00fclebilir gelece\u011fi bug\u00fcne iletiyoruz.<\/p>\t\t\t\t\t\t<\/div>\n\t\t\t\t<\/div>\n\t\t\t\t<\/div>\n\t\t<div class=\"elementor-element elementor-element-6df1a56 e-con-full e-flex e-con e-child\" data-id=\"6df1a56\" data-element_type=\"container\">\n\t\t\t\t<\/div>\n\t\t\t\t<\/div>\n\t\t\t\t\t<\/div>\n\t\t<\/div>\n\t\t\t\t\t<\/div>\n\t\t<\/section>\n\t\t<div class=\"elementor-element elementor-element-c323929 e-con-full e-flex e-con e-parent\" data-id=\"c323929\" data-element_type=\"container\">\n\t\t\t\t<div class=\"elementor-element elementor-element-4a01d85 elementor-widget elementor-widget-text-editor\" data-id=\"4a01d85\" data-element_type=\"widget\" data-widget_type=\"text-editor.default\">\n\t\t\t\t<div class=\"elementor-widget-container\">\n\t\t\t\t\t\t\t<p style=\"font-size: 1.5rem; color: #000;\">\u015eahinler \u00c7elik Halat, g\u00fcvenli ya\u015fam ve \u00e7evre k\u00fclt\u00fcr\u00fcn\u00fc, kendi k\u00fclt\u00fcr\u00fcn\u00fcn \u00f6nemli bir unsuru olarak kabul eder. Bu konuda ortak davran\u0131\u015f, al\u0131\u015fkanl\u0131k, inan\u00e7 ve de\u011ferlerin t\u00fcm payda\u015flarda olu\u015fturulmas\u0131 ve geli\u015ftirilmesi, gerekti\u011finde toplum sa\u011fl\u0131\u011f\u0131na ve \u00e7evreye zarar vermeden, bireyler hakk\u0131ndaki bilgilerle ilgili gizlilik unsuruna dikkat edilmesi, idari ve teknik t\u00fcm \u00e7al\u0131\u015fanlar\u0131m\u0131z\u0131n \u00f6ncelikli g\u00f6revidir.<\/p>\n<br>\n<p style=\"font-size: 1.5rem; color: #000;\">\u015eahinler \u00c7elik Halat\u2019\u0131n g\u00fcvenli ya\u015fam ve \u00e7evre k\u00fclt\u00fcr\u00fc, payda\u015flar\u0131n i\u015f ve genel ya\u015fama g\u00fcvenli\u011fi ile ilgili bilgileri g\u00fcven i\u00e7inde payla\u015fabilmesine ve payla\u015fmak i\u00e7in te\u015fvik edilmesine, \u00e7evreye kar\u015f\u0131 duyarl\u0131 olup bununla ilgili bilin\u00e7li olmas\u0131na, kabul edilebilir ve edilemez davran\u0131\u015flar aras\u0131ndaki ilkesel ayr\u0131m\u0131n her bir birey taraf\u0131ndan kolayl\u0131kla yap\u0131labilmesine, sorgulamaya, m\u00fckemmelli\u011fe y\u00f6neli\u015fe, ki\u015fisel sorumlulu\u011fa ve i\u00e7sel denetime dayan\u0131r.<\/p>\t\t\t\t\t\t<\/div>\n\t\t\t\t<\/div>\n\t\t\t\t<\/div>\n\t\t\t\t<\/div>\n\t\t","protected":false},"excerpt":{"rendered":"<p>\u00c7elik Halat \/ \u00c7evre Do\u011fayla uyumlu sanayi konseptlerini \u015eahinler \u00c7elik Halat ailesi olarak destekliyor ve bizlerde kendi i\u015f modellerimizle s\u00fcrd\u00fcr\u00fclebilir gelece\u011fi bug\u00fcne iletiyoruz. \u015eahinler \u00c7elik Halat, g\u00fcvenli ya\u015fam ve \u00e7evre k\u00fclt\u00fcr\u00fcn\u00fc, kendi k\u00fclt\u00fcr\u00fcn\u00fcn \u00f6nemli bir unsuru olarak kabul eder. Bu konuda ortak davran\u0131\u015f, al\u0131\u015fkanl\u0131k, inan\u00e7 ve de\u011ferlerin t\u00fcm payda\u015flarda olu\u015fturulmas\u0131 ve geli\u015ftirilmesi, gerekti\u011finde toplum sa\u011fl\u0131\u011f\u0131na [&hellip;]<\/p>\n","protected":false},"author":1,"featured_media":0,"parent":0,"menu_order":0,"comment_status":"closed","ping_status":"closed","template":"tpl-default-elementor.php","meta":{"footnotes":""},"class_list":["post-2235","page","type-page","status-publish","hentry"],"_links":{"self":[{"href":"https:\/\/sahinlercelikhalat.com.tr\/index.php\/wp-json\/wp\/v2\/pages\/2235"}],"collection":[{"href":"https:\/\/sahinlercelikhalat.com.tr\/index.php\/wp-json\/wp\/v2\/pages"}],"about":[{"href":"https:\/\/sahinlercelikhalat.com.tr\/index.php\/wp-json\/wp\/v2\/types\/page"}],"author":[{"embeddable":true,"href":"https:\/\/sahinlercelikhalat.com.tr\/index.php\/wp-json\/wp\/v2\/users\/1"}],"replies":[{"embeddable":true,"href":"https:\/\/sahinlercelikhalat.com.tr\/index.php\/wp-json\/wp\/v2\/comments?post=2235"}],"version-history":[{"count":25,"href":"https:\/\/sahinlercelikhalat.com.tr\/index.php\/wp-json\/wp\/v2\/pages\/2235\/revisions"}],"predecessor-version":[{"id":3140,"href":"https:\/\/sahinlercelikhalat.com.tr\/index.php\/wp-json\/wp\/v2\/pages\/2235\/revisions\/3140"}],"wp:attachment":[{"href":"https:\/\/sahinlercelikhalat.com.tr\/index.php\/wp-json\/wp\/v2\/media?parent=2235"}],"curies":[{"name":"wp","href":"https:\/\/api.w.org\/{rel}","templated":true}]}}