{"id":2233,"date":"2024-02-01T12:23:45","date_gmt":"2024-02-01T09:23:45","guid":{"rendered":"https:\/\/sahinlercelikhalat.com.tr\/?page_id=2233"},"modified":"2024-05-09T22:56:57","modified_gmt":"2024-05-09T19:56:57","slug":"kalite-kulturumuz","status":"publish","type":"page","link":"https:\/\/sahinlercelikhalat.com.tr\/index.php\/kalite-kulturumuz\/","title":{"rendered":"Kalite K\u00fclt\u00fcr\u00fcm\u00fcz"},"content":{"rendered":"\t\t<div data-elementor-type=\"wp-page\" data-elementor-id=\"2233\" class=\"elementor elementor-2233\">\n\t\t\t\t\t\t<section class=\"elementor-section elementor-top-section elementor-element elementor-element-5f31ca3 elementor-section-full_width elementor-section-height-default elementor-section-height-default\" data-id=\"5f31ca3\" data-element_type=\"section\">\n\t\t\t\t\t\t<div class=\"elementor-container elementor-column-gap-no\">\n\t\t\t\t\t<div class=\"elementor-column elementor-col-100 elementor-top-column elementor-element elementor-element-baae4ad\" data-id=\"baae4ad\" data-element_type=\"column\">\n\t\t\t<div class=\"elementor-widget-wrap elementor-element-populated\">\n\t\t\t\t<div class=\"elementor-element elementor-element-d4df2ee e-con-full e-flex e-con e-parent\" data-id=\"d4df2ee\" data-element_type=\"container\" data-settings=\"{&quot;background_background&quot;:&quot;classic&quot;}\">\n\t\t<div class=\"elementor-element elementor-element-b8cbb4f e-con-full e-flex e-con e-child\" data-id=\"b8cbb4f\" data-element_type=\"container\">\n\t\t\t\t<div class=\"elementor-element elementor-element-421cca5 elementor-widget elementor-widget-text-editor\" data-id=\"421cca5\" data-element_type=\"widget\" data-widget_type=\"text-editor.default\">\n\t\t\t\t<div class=\"elementor-widget-container\">\n\t\t\t<style>\/*! elementor - v3.23.0 - 05-08-2024 *\/\n.elementor-widget-text-editor.elementor-drop-cap-view-stacked .elementor-drop-cap{background-color:#69727d;color:#fff}.elementor-widget-text-editor.elementor-drop-cap-view-framed .elementor-drop-cap{color:#69727d;border:3px solid;background-color:transparent}.elementor-widget-text-editor:not(.elementor-drop-cap-view-default) .elementor-drop-cap{margin-top:8px}.elementor-widget-text-editor:not(.elementor-drop-cap-view-default) .elementor-drop-cap-letter{width:1em;height:1em}.elementor-widget-text-editor .elementor-drop-cap{float:left;text-align:center;line-height:1;font-size:50px}.elementor-widget-text-editor .elementor-drop-cap-letter{display:inline-block}<\/style>\t\t\t\t<p style=\"font-size: 40px; color: #fff;\">\u00c7elik Halat \/ Kalite K\u00fclt\u00fcr\u00fcm\u00fcz<\/p>\t\t\t\t\t\t<\/div>\n\t\t\t\t<\/div>\n\t\t\t\t<\/div>\n\t\t\t\t<\/div>\n\t\t\t\t\t<\/div>\n\t\t<\/div>\n\t\t\t\t\t<\/div>\n\t\t<\/section>\n\t\t\t\t<section class=\"elementor-section elementor-top-section elementor-element elementor-element-2a68c8e elementor-section-full_width elementor-section-height-default elementor-section-height-default\" data-id=\"2a68c8e\" data-element_type=\"section\">\n\t\t\t\t\t\t<div class=\"elementor-container elementor-column-gap-no\">\n\t\t\t\t\t<div class=\"elementor-column elementor-col-100 elementor-top-column elementor-element elementor-element-c3d3c06\" data-id=\"c3d3c06\" data-element_type=\"column\">\n\t\t\t<div class=\"elementor-widget-wrap elementor-element-populated\">\n\t\t\t\t<div class=\"elementor-element elementor-element-a539c89 e-con-full e-flex e-con e-parent\" data-id=\"a539c89\" data-element_type=\"container\" data-settings=\"{&quot;background_background&quot;:&quot;classic&quot;}\">\n\t\t<div class=\"elementor-element elementor-element-5eaca47 e-con-full e-flex e-con e-child\" data-id=\"5eaca47\" data-element_type=\"container\">\n\t\t\t\t<\/div>\n\t\t<div class=\"elementor-element elementor-element-22b963b e-con-full e-flex e-con e-child\" data-id=\"22b963b\" data-element_type=\"container\">\n\t\t\t\t<div class=\"elementor-element elementor-element-1fe6c8c elementor-widget elementor-widget-text-editor\" data-id=\"1fe6c8c\" data-element_type=\"widget\" data-widget_type=\"text-editor.default\">\n\t\t\t\t<div class=\"elementor-widget-container\">\n\t\t\t\t\t\t\t<p>\u00a0<\/p><p style=\"font-size: 1.5rem; color: red;\">Kalite, K\u00fclt\u00fcr\u00fcm\u00fcz\u00fcn Vazge\u00e7ilmez Bir Par\u00e7as\u0131d\u0131r \u015eahinler \u00c7elik Halat ailesi i\u00e7in \u00fcr\u00fcn kalitesi, s\u00fcrd\u00fcr\u00fclebilir i\u015f modelinden \u00e7ok daha fazlas\u0131n\u0131 ifade ediyor.<\/p>\t\t\t\t\t\t<\/div>\n\t\t\t\t<\/div>\n\t\t\t\t<div class=\"elementor-element elementor-element-2c9d582 elementor-align-center elementor-widget elementor-widget-button\" data-id=\"2c9d582\" data-element_type=\"widget\" data-widget_type=\"button.default\">\n\t\t\t\t<div class=\"elementor-widget-container\">\n\t\t\t\t\t<div class=\"elementor-button-wrapper\">\n\t\t\t<a class=\"elementor-button elementor-button-link elementor-size-md\" href=\"https:\/\/sahinlercelikhalat.com.tr\/index.php\/kalite-kulturumuz\/\">\n\t\t\t\t\t\t<span class=\"elementor-button-content-wrapper\">\n\t\t\t\t\t\t\t\t\t<span class=\"elementor-button-text\">Kalite K\u00fclt\u00fcr\u00fcm\u00fcz<\/span>\n\t\t\t\t\t<\/span>\n\t\t\t\t\t<\/a>\n\t\t<\/div>\n\t\t\t\t<\/div>\n\t\t\t\t<\/div>\n\t\t\t\t<\/div>\n\t\t\t\t<\/div>\n\t\t\t\t\t<\/div>\n\t\t<\/div>\n\t\t\t\t\t<\/div>\n\t\t<\/section>\n\t\t<div class=\"elementor-element elementor-element-7a9948c e-flex e-con-boxed e-con e-parent\" data-id=\"7a9948c\" data-element_type=\"container\">\n\t\t\t\t\t<div class=\"e-con-inner\">\n\t\t\t\t<div class=\"elementor-element elementor-element-71bdbc3 elementor-widget elementor-widget-text-editor\" data-id=\"71bdbc3\" data-element_type=\"widget\" data-widget_type=\"text-editor.default\">\n\t\t\t\t<div class=\"elementor-widget-container\">\n\t\t\t\t\t\t\t&nbsp;\n<p style=\"font-size: 1.5rem; color: #000;\">\u015eahinler \u00c7elik Halat, ISO 9001:2015  standart \u015fartlar\u0131na uygun olarak ihtiya\u00e7 duyulan prosesler ve bunlar\u0131n etkile\u015fimi dahil bir kalite y\u00f6netim sistemini kurmu\u015f, uygulamaya alm\u0131\u015f, s\u00fcreklili\u011fini sa\u011flam\u0131\u015ft\u0131r. Sistemin etkilili\u011fi s\u00fcrekli iyile\u015ftirilmektedir.\n\n\n\u015eahinler \u00c7elik Halat Kalite Y\u00f6netim Sistemi i\u00e7in gerekli olan s\u00fcre\u00e7ler ve bu s\u00fcre\u00e7lerin ak\u0131\u015f\u0131 ve etkile\u015fimi belirlenmi\u015ftir. S\u00fcre\u00e7lerin etkili olarak uygulanmas\u0131 ve kontrol\u00fc i\u00e7in y\u00f6ntemler ve kriterler saptanm\u0131\u015ft\u0131r. S\u00fcre\u00e7ler etkili olarak uygulanmakta ve izlenmektedir. Planlanan sonu\u00e7lara ula\u015fmak ve s\u00fcrekli geli\u015fmeyi sa\u011flamak i\u00e7in s\u00fcre\u00e7ler \u00f6l\u00e7\u00fclmekte, analiz edilmekte ve gereken \u00f6nlemler al\u0131nmaktad\u0131r. S\u00fcre\u00e7 sahipleri dok\u00fcmante edilmi\u015f t\u00fcm s\u00fcre\u00e7lerin hedeflenen sonu\u00e7lara ula\u015ft\u0131\u011f\u0131n\u0131n saptanmas\u0131 i\u00e7in izleme, \u00f6l\u00e7me ve kontrol faaliyetlerini ger\u00e7ekle\u015ftirirler ve s\u00fcrecin etkinli\u011fini de\u011ferlendirirler.\nS\u00fcre\u00e7 istenen sonu\u00e7lara ula\u015fm\u0131\u015f ise etkindir. Etkinlik \u00fcr\u00fcn kalitesi, s\u00fcre\u00e7 do\u011frulu\u011fu, da\u011f\u0131t\u0131m\/programlama performans\u0131, maliyet\/b\u00fct\u00e7e performans\u0131, \u00e7al\u0131\u015fan\/fonksiyon performans hedeflerinin yakalanmas\u0131yla sa\u011flan\u0131r.\nS\u00fcre\u00e7 optimum kayna\u011f\u0131 kulland\u0131\u011f\u0131nda verimlidir. Verimlilik hesab\u0131 i\u00e7in toplam kaynak kullan\u0131m\u0131, verimlilik g\u00f6stergeleri, uygunsuzluk maliyetleri v.b parametrelerle \u00f6l\u00e7\u00fclebilir. S\u00fcre\u00e7lerin uygunlu\u011funu ve performans\u0131n\u0131 do\u011frulamak i\u00e7in S\u00fcre\u00e7 Tetkikleri, \u00dcr\u00fcn\u00fcn istenen \u015fartlara uygunlu\u011funun do\u011frulanmas\u0131 i\u00e7in \u00dcr\u00fcn Tetkiki ger\u00e7ekle\u015ftiririz.\nDok\u00fcmante edilmi\u015f s\u00fcre\u00e7 de\u011ferlendirme kartlar\u0131nda belirtilen s\u00fcre\u00e7 parametrelerine g\u00f6re t\u00fcm s\u00fcre\u00e7ler izlenir. S\u00fcre\u00e7 sahipleri belirledikleri hedeflere ula\u015fmak i\u00e7in do\u011fru verileri toplayarak s\u00fcreci kontrol alt\u0131nda tutarlar. Planlanm\u0131\u015f sonu\u00e7lar ba\u015far\u0131lamad\u0131\u011f\u0131nda gerekli d\u00fczeltme ve d\u00fczeltici faaliyetleri ger\u00e7ekle\u015ftirmek S\u00fcre\u00e7 sahiplerinin sorumlulu\u011fundad\u0131r.\n\u00d6nceden belirtildi\u011fi gibi, operasyon kontrollerinde s\u00fcre\u00e7 odakl\u0131 bir yakla\u015f\u0131m kullan\u0131l\u0131r. Bu yakla\u015f\u0131m\u0131n ba\u015fl\u0131ca odaklar\u0131 \u00e7al\u0131\u015fanlar, bilgi, malzeme, tesisler ve ekipman\u0131 i\u00e7eren s\u00fcre\u00e7lerin, istenilen amac\u0131n s\u00fcrekli sa\u011flanmas\u0131, s\u00fcrd\u00fcr\u00fclmesi ve istenilen \u00e7\u0131kt\u0131lar\u0131n haz\u0131rlanmas\u0131, s\u00fcrekli iyile\u015ftirilmesi i\u00e7in f\u0131rsatlar\u0131n belirlenmesi, kontrol edilmesi ve de\u011ferlendirilmesidir.\n\u015eahinler \u00c7elik Halat kalite sisteminde her fonksiyon, kendi s\u00fcre\u00e7lerini dok\u00fcmante etmekten, bunlarla ilgili standart, metot, kural ve \u00e7al\u0131\u015fma talimatlar\u0131n\u0131 haz\u0131rlamaktan, mevcut performans\u0131n\u0131 izleyerek s\u00fcrekli geli\u015ftirmekten sorumludur. \nKalite Y\u00f6netim Sistemimizin temelini olu\u015fturan \u201cS\u00fcre\u00e7 Yakla\u015f\u0131m\u0131\u201d ile t\u00fcm s\u00fcre\u00e7ler girdileri ve \u00e7\u0131kt\u0131lar\u0131 belirlenerek tayin edilmi\u015f, uygulanmas\u0131, s\u00fcrd\u00fcr\u00fclmesi ve s\u00fcrekli iyile\u015ftirilmesi i\u00e7in s\u00fcre\u00e7lerin izlenmesi, \u00f6l\u00e7\u00fclmesi, analizi gibi y\u00f6ntemler belirlenmi\u015ftir. Kalite y\u00f6netim sistemi kalite hedeflerimize ula\u015f\u0131lmas\u0131n\u0131 sa\u011flamak i\u00e7in ihtiya\u00e7 duyulan kaynaklar\u0131 te\u015fhis eder ve planlar. \nHer bir s\u00fcre\u00e7 i\u00e7in s\u00fcre\u00e7 sorumlular\u0131 belirlenmi\u015ftir. Yetki ve sorumluluklar g\u00f6rev tan\u0131mlar\u0131nda belirlenmi\u015ftir.\nHer bir s\u00fcre\u00e7 i\u00e7in risk ve f\u0131rsatlar de\u011ferlendirilmi\u015ftir. \nKalite Y\u00f6netim Sisteminde yap\u0131lan de\u011fi\u015fiklerin sistemin b\u00fct\u00fcnl\u00fc\u011f\u00fc ve etkinli\u011fine yapabilecekleri olas\u0131 olumsuz etkilerinin \u00f6nlenmesi periyodik g\u00f6zden ge\u00e7irme, performans izleme, i\u00e7 denetim ara\u00e7lar\u0131n\u0131n etkin kullan\u0131m\u0131 ile g\u00fcvence alt\u0131na al\u0131n\u0131r. \nS\u00fcre\u00e7 yakla\u015f\u0131m\u0131m\u0131z, m\u00fc\u015fterinin isteklerini belirlemeyi, bu beklentileri kar\u015f\u0131layabilecek s\u00fcre\u00e7 geli\u015ftirme, uygun s\u00fcre\u00e7 girdilerini sa\u011flama, s\u00fcre\u00e7 performans\u0131n\u0131n \u00f6l\u00e7\u00fclmesi, de\u011ferlendirilmesi ve tasarland\u0131\u011f\u0131 gibi yerine getirilmesinin devam\u0131n\u0131 sa\u011flamak i\u00e7in s\u00fcre\u00e7lerin iyile\u015ftirilmesini ve s\u00fcreklili\u011fini kapsar.\nBu maksatla olu\u015fturulmu\u015f prosed\u00fcrler, i\u015f ak\u0131\u015f \u015femalar\u0131 ve s\u00fcre\u00e7 de\u011ferlendirme kartlar\u0131 \u00fcr\u00fcn ger\u00e7ekle\u015ftirme s\u00fcrecini a\u00e7\u0131k bir \u015fekilde g\u00f6z \u00f6n\u00fcne serer.\n\nT\u00fcm s\u00fcre\u00e7lerin sahibini, girdilerini, \u00e7\u0131kt\u0131lar\u0131n\u0131, operasyonunun ve kontrol\u00fcn\u00fcn etkinli\u011fini sa\u011flamak i\u00e7in gerekli kriter ve metotlar\u0131, kaynaklar\u0131n\u0131, tedarik\u00e7i ve m\u00fc\u015fterilerini ve destek s\u00fcre\u00e7lerini belirtir. S\u00fcre\u00e7 \u00e7\u0131kt\u0131lar\u0131n\u0131n iyile\u015ftirilmesi i\u00e7in hedefler konur ve izlenir. Bu hedefler i\u00e7in strateji ve periyot belirlenir.\n\nT\u00fcm s\u00fcre\u00e7leri ile ilgili olarak kalite hedefleri belirlenir, d\u00fczenli olarak izlenir ve sistematik olarak s\u00fcrekli iyile\u015ftirme \u00e7al\u0131\u015fmalar\u0131 ger\u00e7ekle\u015ftirilir. \u0130\u015fi yapan ve do\u011frulayan personele \u00fcr\u00fcn ger\u00e7ekle\u015ftirmede uyulmas\u0131 gereken standartlar ile ilgili kabul kriterleri de belirtilerek e\u011fitimler verilir. \n\nBunlar\u0131n yan\u0131 s\u0131ra m\u00fc\u015fteri taraf\u0131ndan s\u00f6zle\u015fmede istendi\u011fi takdirde veya \u00f6zel proje, \u00f6zel bir s\u00fcre\u00e7 veya yeni \u00fcr\u00fcnler i\u00e7in Kalite departman\u0131 taraf\u0131ndan gerek g\u00f6r\u00fcld\u00fc\u011f\u00fcnde, istenilen kaliteyi ger\u00e7ekle\u015ftirmek i\u00e7in gereken kontroller, metotlar, te\u00e7hizat ve kaynaklar\u0131 belirleyen ve dok\u00fcmante eden SAP Kalite Planlar\u0131 haz\u0131rlan\u0131r. \n\nKalite Planlamas\u0131, \u015firket stratejileri ve hedefleri, tan\u0131ml\u0131 pazar ve m\u00fc\u015fteri beklentileri, end\u00fcstriyel ve teknolojik geli\u015fmeler, \u00fcr\u00fcn\/s\u00fcre\u00e7 performans de\u011ferleri, \u00f6neri sistemleri yard\u0131m\u0131 ile toplanan \u00e7al\u0131\u015fanlar\u0131n g\u00f6r\u00fc\u015fleri ve iyile\u015ftirme f\u0131rsatlar\u0131 g\u00f6z \u00f6n\u00fcnde bulundurularak organizasyonun temel bilgi, beceri ve yeteneklerini, i\u015f yapma tarz\u0131n\u0131 geli\u015ftirecek \u015fekilde yap\u0131l\u0131r.\n\n\u015eahinler \u00c7elik Halat, \u00fcr\u00fcn ger\u00e7ekle\u015ftirilmesi i\u00e7in gerekli s\u00fcre\u00e7leri planlamakta ve uygulamaktad\u0131r. Planlama, Kalite Y\u00f6netim Sisteminin di\u011fer s\u00fcre\u00e7lerinin \u015fartlar\u0131 ile de tutarl\u0131d\u0131r.\n<\/p>\t\t\t\t\t\t<\/div>\n\t\t\t\t<\/div>\n\t\t\t\t\t<\/div>\n\t\t\t\t<\/div>\n\t\t\t\t<\/div>\n\t\t","protected":false},"excerpt":{"rendered":"<p>\u00c7elik Halat \/ Kalite K\u00fclt\u00fcr\u00fcm\u00fcz \u00a0 Kalite, K\u00fclt\u00fcr\u00fcm\u00fcz\u00fcn Vazge\u00e7ilmez Bir Par\u00e7as\u0131d\u0131r \u015eahinler \u00c7elik Halat ailesi i\u00e7in \u00fcr\u00fcn kalitesi, s\u00fcrd\u00fcr\u00fclebilir i\u015f modelinden \u00e7ok daha fazlas\u0131n\u0131 ifade ediyor. Kalite K\u00fclt\u00fcr\u00fcm\u00fcz &nbsp; \u015eahinler \u00c7elik Halat, ISO 9001:2015 standart \u015fartlar\u0131na uygun olarak ihtiya\u00e7 duyulan prosesler ve bunlar\u0131n etkile\u015fimi dahil bir kalite y\u00f6netim sistemini kurmu\u015f, uygulamaya alm\u0131\u015f, s\u00fcreklili\u011fini sa\u011flam\u0131\u015ft\u0131r. Sistemin [&hellip;]<\/p>\n","protected":false},"author":1,"featured_media":0,"parent":0,"menu_order":0,"comment_status":"closed","ping_status":"closed","template":"tpl-default-elementor.php","meta":{"footnotes":""},"class_list":["post-2233","page","type-page","status-publish","hentry"],"_links":{"self":[{"href":"https:\/\/sahinlercelikhalat.com.tr\/index.php\/wp-json\/wp\/v2\/pages\/2233"}],"collection":[{"href":"https:\/\/sahinlercelikhalat.com.tr\/index.php\/wp-json\/wp\/v2\/pages"}],"about":[{"href":"https:\/\/sahinlercelikhalat.com.tr\/index.php\/wp-json\/wp\/v2\/types\/page"}],"author":[{"embeddable":true,"href":"https:\/\/sahinlercelikhalat.com.tr\/index.php\/wp-json\/wp\/v2\/users\/1"}],"replies":[{"embeddable":true,"href":"https:\/\/sahinlercelikhalat.com.tr\/index.php\/wp-json\/wp\/v2\/comments?post=2233"}],"version-history":[{"count":34,"href":"https:\/\/sahinlercelikhalat.com.tr\/index.php\/wp-json\/wp\/v2\/pages\/2233\/revisions"}],"predecessor-version":[{"id":3005,"href":"https:\/\/sahinlercelikhalat.com.tr\/index.php\/wp-json\/wp\/v2\/pages\/2233\/revisions\/3005"}],"wp:attachment":[{"href":"https:\/\/sahinlercelikhalat.com.tr\/index.php\/wp-json\/wp\/v2\/media?parent=2233"}],"curies":[{"name":"wp","href":"https:\/\/api.w.org\/{rel}","templated":true}]}}