{"id":2229,"date":"2024-02-01T12:23:03","date_gmt":"2024-02-01T09:23:03","guid":{"rendered":"https:\/\/sahinlercelikhalat.com.tr\/?page_id=2229"},"modified":"2024-05-03T16:37:29","modified_gmt":"2024-05-03T13:37:29","slug":"hikayemiz","status":"publish","type":"page","link":"https:\/\/sahinlercelikhalat.com.tr\/index.php\/hikayemiz\/","title":{"rendered":"Hikayemiz"},"content":{"rendered":"\t\t<div data-elementor-type=\"wp-page\" data-elementor-id=\"2229\" class=\"elementor elementor-2229\">\n\t\t\t\t\t\t<section class=\"elementor-section elementor-top-section elementor-element elementor-element-223846a elementor-section-full_width elementor-section-height-default elementor-section-height-default\" data-id=\"223846a\" data-element_type=\"section\">\n\t\t\t\t\t\t<div class=\"elementor-container elementor-column-gap-no\">\n\t\t\t\t\t<div class=\"elementor-column elementor-col-100 elementor-top-column elementor-element elementor-element-982bfe8\" data-id=\"982bfe8\" data-element_type=\"column\">\n\t\t\t<div class=\"elementor-widget-wrap elementor-element-populated\">\n\t\t\t\t<div class=\"elementor-element elementor-element-88e6106 e-con-full e-flex e-con e-parent\" data-id=\"88e6106\" data-element_type=\"container\" data-settings=\"{&quot;background_background&quot;:&quot;classic&quot;}\">\n\t\t<div class=\"elementor-element elementor-element-22d8006 e-con-full e-flex e-con e-child\" data-id=\"22d8006\" data-element_type=\"container\">\n\t\t\t\t<div class=\"elementor-element elementor-element-3c3b532 elementor-widget elementor-widget-text-editor\" data-id=\"3c3b532\" data-element_type=\"widget\" data-widget_type=\"text-editor.default\">\n\t\t\t\t<div class=\"elementor-widget-container\">\n\t\t\t<style>\/*! elementor - v3.23.0 - 05-08-2024 *\/\n.elementor-widget-text-editor.elementor-drop-cap-view-stacked .elementor-drop-cap{background-color:#69727d;color:#fff}.elementor-widget-text-editor.elementor-drop-cap-view-framed .elementor-drop-cap{color:#69727d;border:3px solid;background-color:transparent}.elementor-widget-text-editor:not(.elementor-drop-cap-view-default) .elementor-drop-cap{margin-top:8px}.elementor-widget-text-editor:not(.elementor-drop-cap-view-default) .elementor-drop-cap-letter{width:1em;height:1em}.elementor-widget-text-editor .elementor-drop-cap{float:left;text-align:center;line-height:1;font-size:50px}.elementor-widget-text-editor .elementor-drop-cap-letter{display:inline-block}<\/style>\t\t\t\t<p style=\"font-size: 40px; color: #fff;\">\u00c7elik Halat \/ Hikayemiz<\/p>\t\t\t\t\t\t<\/div>\n\t\t\t\t<\/div>\n\t\t\t\t<\/div>\n\t\t\t\t<\/div>\n\t\t\t\t\t<\/div>\n\t\t<\/div>\n\t\t\t\t\t<\/div>\n\t\t<\/section>\n\t\t<div class=\"elementor-element elementor-element-33b7b13 e-con-full e-flex e-con e-parent\" data-id=\"33b7b13\" data-element_type=\"container\" data-settings=\"{&quot;background_background&quot;:&quot;classic&quot;}\">\n\t\t<div class=\"elementor-element elementor-element-36aaaa6 e-con-full e-flex e-con e-child\" data-id=\"36aaaa6\" data-element_type=\"container\">\n\t\t\t\t<div class=\"elementor-element elementor-element-c698688 elementor-widget elementor-widget-image\" data-id=\"c698688\" data-element_type=\"widget\" data-widget_type=\"image.default\">\n\t\t\t\t<div class=\"elementor-widget-container\">\n\t\t\t<style>\/*! elementor - v3.23.0 - 05-08-2024 *\/\n.elementor-widget-image{text-align:center}.elementor-widget-image a{display:inline-block}.elementor-widget-image a img[src$=\".svg\"]{width:48px}.elementor-widget-image img{vertical-align:middle;display:inline-block}<\/style>\t\t\t\t\t\t\t\t\t\t<img decoding=\"async\" width=\"300\" height=\"102\" src=\"https:\/\/sahinlercelikhalat.com.tr\/wp-content\/uploads\/2024\/02\/logo-ss-300x102.png\" class=\"attachment-medium size-medium wp-image-2328\" alt=\"\" srcset=\"https:\/\/sahinlercelikhalat.com.tr\/wp-content\/uploads\/2024\/02\/logo-ss-300x102.png 300w, https:\/\/sahinlercelikhalat.com.tr\/wp-content\/uploads\/2024\/02\/logo-ss.png 512w\" sizes=\"(max-width: 300px) 100vw, 300px\" \/>\t\t\t\t\t\t\t\t\t\t\t\t\t<\/div>\n\t\t\t\t<\/div>\n\t\t\t\t<div class=\"elementor-element elementor-element-32282e0 elementor-widget elementor-widget-text-editor\" data-id=\"32282e0\" data-element_type=\"widget\" data-widget_type=\"text-editor.default\">\n\t\t\t\t<div class=\"elementor-widget-container\">\n\t\t\t\t\t\t\t<p style=\"font-size: 1.5rem; color: #fff;\">2022 y\u0131l\u0131nda \u015eahinler Grup b\u00fcnyesinde ba\u015flayan hik\u00e2yemize, sahip oldu\u011fumuz geni\u015f bant hacmimiz ve 30.000m2\u2019lik modern \u00fcretim tesisimizle devam ediyoruz.<\/p>\t\t\t\t\t\t<\/div>\n\t\t\t\t<\/div>\n\t\t\t\t<\/div>\n\t\t<div class=\"elementor-element elementor-element-f52107e e-con-full e-flex e-con e-child\" data-id=\"f52107e\" data-element_type=\"container\">\n\t\t\t\t<\/div>\n\t\t\t\t<\/div>\n\t\t\t\t<section class=\"elementor-section elementor-top-section elementor-element elementor-element-6987440 elementor-section-full_width elementor-section-height-default elementor-section-height-default\" data-id=\"6987440\" data-element_type=\"section\">\n\t\t\t\t\t\t<div class=\"elementor-container elementor-column-gap-no\">\n\t\t\t\t\t<div class=\"elementor-column elementor-col-100 elementor-top-column elementor-element elementor-element-5292d47\" data-id=\"5292d47\" data-element_type=\"column\">\n\t\t\t<div class=\"elementor-widget-wrap elementor-element-populated\">\n\t\t\t\t\t\t<div class=\"elementor-element elementor-element-2c904de elementor-widget elementor-widget-text-editor\" data-id=\"2c904de\" data-element_type=\"widget\" data-widget_type=\"text-editor.default\">\n\t\t\t\t<div class=\"elementor-widget-container\">\n\t\t\t\t\t\t\t<p style=\"font-size: 1.5rem; color: #000;\">\n2021 y\u0131l\u0131 sonlar\u0131nda temeli at\u0131lan, 2022 y\u0131l\u0131 i\u00e7erisinde imalat yolculu\u011funa ba\u015flayan \u015eAH\u0130NLER \u00c7EL\u0130K HALAT, metal sekt\u00f6r\u00fcnde 50 y\u0131l\u0131 a\u015fk\u0131n s\u00fcredir deneyimi olan ve T\u00fcrkiye&#8217;nin ilk 500 sanayi kurulu\u015fu i\u00e7erisinde kendisine s\u00fcrekli yer bulan \u015eAH\u0130NLER GRUP&#8217;umuzun yeni yat\u0131r\u0131m\u0131d\u0131r. Yenilik\u00e7i yakla\u015f\u0131mlarla d\u00fcnya standartlar\u0131nda \u00fcr\u00fcnler \u00fcretmeyi ve markala\u015fmay\u0131 kendisine hedef belirleyen markam\u0131z, 150mm&#8217;e kadar halat \u00fcretim kabiliyetine sahip T\u00fcrkiye&#8217;nin ilk ve tek \u00e7elik halat kurulu\u015fudur. \u015eAH\u0130NLER GRUP \u015firketlerinin temeli &#8220;D\u00fcr\u00fcstl\u00fck&#8221;, &#8220;G\u00fcven&#8221; ve &#8220;Samimiyet&#8221; ilkeleri \u00fczerine kurulmu\u015ftur. B\u00f6ylelikle; en yeni markam\u0131z \u00e7elik halat sekt\u00f6r\u00fcnde de h\u0131zl\u0131ca ad\u0131ndan s\u00f6z ettirmeyi ba\u015farm\u0131\u015f ve heyecan uyand\u0131rm\u0131\u015ft\u0131r. Tecr\u00fcbeyi yenilik\u00e7i anlay\u0131\u015fla harmanlayarak ve geli\u015fimci y\u00f6netim yap\u0131s\u0131yla birlikte hedefi en \u00fcst noktalarda belirleyerek, k\u0131sa zamanda bu hedefleri ba\u015farma yolunda emin ad\u0131mlarla ilerlemi\u015f ve ilerlemeye devam etmektedir.\nFirmam\u0131z \u00c7ok Telli \u00c7elik Halatlar, End\u00fcstriyel ve Yayl\u0131k \u00c7elik Teller, Monotron Halatlar, Topraklama Telleri, ACSR \u00c7elik \u00d6zler ile birlikte Z\u0131rh Telleri imalat\u0131 yapmaktad\u0131r.\n<br>\n<br>\n\u2022 \u00c7EL\u0130K HALATLAR \u200b;\nTS EN 12385 Standartlar\u0131nda 8 mm ila 150 mm aras\u0131 \u00e7ok geni\u015f bir \u00fcretim yelpazesine sahiptir. Vin\u00e7 Halatlar\u0131, Denizcilik Halatlar\u0131, Asans\u00f6r Halatlar\u0131, Madencilik Halatlar\u0131, Sondaj Halatlar\u0131, Teleferik Halatlar\u0131, Bal\u0131k\u00e7\u0131l\u0131k Halatlar\u0131, Ormanc\u0131l\u0131k Halatlar\u0131, \u00d6zel Proje Halatlar\u0131, D\u00f6nmez Halatlar, Swage Halatlar, Compact Halatlar, Plastik Dolgulu Y\u00fcksek Mukavemetli yeni nesil halatlar imal etmektedir.\n<br>\n<br>\n\u2022 END\u00dcSTR\u0130YEL VE YAYLIK \u00c7EL\u0130K TELLER \u200b;\nTS EN 10270-1 Standartlar\u0131nda, Otomotiv Yan Sanayi, Beyaz E\u015fya Yan Sanayi, End\u00fcstriyel Tar\u0131m, End\u00fcstriyel Sanayi, Mobilya ve Tekstil gibi bir\u00e7ok sekt\u00f6rde kullan\u0131lan \u00e7elik telleri fosfat kapl\u0131 ve galvaniz kapl\u0131 olarak imal etmektedir. 0,30 mm\u2019den 13 mm\u2019 e kadar \u00fcretim kabiliyetine sahiptir.\n<br>\n<br>\n\u2022 MONOTRON HALATLAR\u200b\u200b;\nHavai Tip Telekom Kablolar\u0131, Tar\u0131m ve Sera Uygulamalar\u0131, Otomotiv Yan Sanayi, Mimari ve Peyzaj D\u00fczenlemeleri vb. bir\u00e7ok alanda kullan\u0131lan Monotron halatlar\u0131n imalat\u0131 istenilen konstr\u00fcksiyonlarda ve \u00e7aplarda imal edilmektedir.\n<br>\n<br>\n\u2022 TOPRAKLAMA TELLER\u0130\u200b\u200b;\nEnerji \u0130letim Hatlar\u0131 ile birlikte, bina ve fabrika topraklamalar\u0131nda kullan\u0131lan \u00fcr\u00fcnlerin, TS EN 50182, TS EN 50189, TS EN 63284, ASTM B 498, ASTM A 475 veya m\u00fc\u015fteri \u015fartnamelerine g\u00f6re Monotel, 1&#215;7, 1&#215;19, 1&#215;37 ve 1&#215;61 konstr\u00fcksiyonlarda imalatlar\u0131 yap\u0131lmaktad\u0131r.\n<br>\n<br>\n\u2022 ACSR \u00c7EL\u0130K \u00d6ZLER &#038; ZIRH TELLER\u0130\u200b;\nTS EN 50182, TS EN 50189, TS EN 63284, ASTM B 498, ASTM A 475 veya m\u00fc\u015fteri \u015fartnamelerine g\u00f6re ACSR tek tel veya 1&#215;7, 1&#215;19, 1&#215;37 ve 1&#215;61 konstr\u00fcksiyonlarda imalatlar yap\u0131lmaktad\u0131r. Z\u0131rh Tellerinde ise BS5467 ve BS6724 kablo standartlar\u0131na uygun \u00fcr\u00fcn imalatlar\u0131 yap\u0131lmaktad\u0131r. \n \n <\/p>\t\t\t\t\t\t<\/div>\n\t\t\t\t<\/div>\n\t\t\t\t\t<\/div>\n\t\t<\/div>\n\t\t\t\t\t<\/div>\n\t\t<\/section>\n\t\t\t\t<\/div>\n\t\t","protected":false},"excerpt":{"rendered":"<p>\u00c7elik Halat \/ Hikayemiz 2022 y\u0131l\u0131nda \u015eahinler Grup b\u00fcnyesinde ba\u015flayan hik\u00e2yemize, sahip oldu\u011fumuz geni\u015f bant hacmimiz ve 30.000m2\u2019lik modern \u00fcretim tesisimizle devam ediyoruz. 2021 y\u0131l\u0131 sonlar\u0131nda temeli at\u0131lan, 2022 y\u0131l\u0131 i\u00e7erisinde imalat yolculu\u011funa ba\u015flayan \u015eAH\u0130NLER \u00c7EL\u0130K HALAT, metal sekt\u00f6r\u00fcnde 50 y\u0131l\u0131 a\u015fk\u0131n s\u00fcredir deneyimi olan ve T\u00fcrkiye&#8217;nin ilk 500 sanayi kurulu\u015fu i\u00e7erisinde kendisine s\u00fcrekli yer [&hellip;]<\/p>\n","protected":false},"author":1,"featured_media":0,"parent":0,"menu_order":0,"comment_status":"closed","ping_status":"closed","template":"tpl-default-elementor.php","meta":{"footnotes":""},"class_list":["post-2229","page","type-page","status-publish","hentry"],"_links":{"self":[{"href":"https:\/\/sahinlercelikhalat.com.tr\/index.php\/wp-json\/wp\/v2\/pages\/2229"}],"collection":[{"href":"https:\/\/sahinlercelikhalat.com.tr\/index.php\/wp-json\/wp\/v2\/pages"}],"about":[{"href":"https:\/\/sahinlercelikhalat.com.tr\/index.php\/wp-json\/wp\/v2\/types\/page"}],"author":[{"embeddable":true,"href":"https:\/\/sahinlercelikhalat.com.tr\/index.php\/wp-json\/wp\/v2\/users\/1"}],"replies":[{"embeddable":true,"href":"https:\/\/sahinlercelikhalat.com.tr\/index.php\/wp-json\/wp\/v2\/comments?post=2229"}],"version-history":[{"count":31,"href":"https:\/\/sahinlercelikhalat.com.tr\/index.php\/wp-json\/wp\/v2\/pages\/2229\/revisions"}],"predecessor-version":[{"id":2926,"href":"https:\/\/sahinlercelikhalat.com.tr\/index.php\/wp-json\/wp\/v2\/pages\/2229\/revisions\/2926"}],"wp:attachment":[{"href":"https:\/\/sahinlercelikhalat.com.tr\/index.php\/wp-json\/wp\/v2\/media?parent=2229"}],"curies":[{"name":"wp","href":"https:\/\/api.w.org\/{rel}","templated":true}]}}